{"id":17734,"date":"2025-08-11T09:16:23","date_gmt":"2025-08-11T09:16:23","guid":{"rendered":"https:\/\/planetdairy.com\/produkter\/"},"modified":"2026-04-22T11:52:21","modified_gmt":"2026-04-22T11:52:21","slug":"produkter","status":"publish","type":"page","link":"https:\/\/planetdairy.com\/sv\/produkter\/","title":{"rendered":"Produkter"},"content":{"rendered":"\t\t<div data-elementor-type=\"wp-page\" data-elementor-id=\"17734\" class=\"elementor elementor-17734 elementor-16846\" data-elementor-post-type=\"page\">\n\t\t\t\t\t\t<section class=\"elementor-section elementor-top-section elementor-element elementor-element-3e1b0c0 elementor-section-boxed elementor-section-height-default elementor-section-height-default\" data-id=\"3e1b0c0\" data-element_type=\"section\" data-e-type=\"section\">\n\t\t\t\t\t\t<div class=\"elementor-container elementor-column-gap-default\">\n\t\t\t\t\t<div class=\"elementor-column elementor-col-100 elementor-top-column elementor-element elementor-element-414f0ce\" data-id=\"414f0ce\" data-element_type=\"column\" data-e-type=\"column\">\n\t\t\t<div class=\"elementor-widget-wrap elementor-element-populated\">\n\t\t\t\t\t\t<div class=\"elementor-element elementor-element-dc10614 elementor-widget elementor-widget-spacer\" data-id=\"dc10614\" data-element_type=\"widget\" data-e-type=\"widget\" data-widget_type=\"spacer.default\">\n\t\t\t\t<div class=\"elementor-widget-container\">\n\t\t\t\t\t\t\t<div class=\"elementor-spacer\">\n\t\t\t<div class=\"elementor-spacer-inner\"><\/div>\n\t\t<\/div>\n\t\t\t\t\t\t<\/div>\n\t\t\t\t<\/div>\n\t\t\t\t<div class=\"elementor-element elementor-element-2b10d16 lte-heading-style-header-subheader elementor-widget elementor-widget-lte-header\" data-id=\"2b10d16\" data-element_type=\"widget\" data-e-type=\"widget\" data-widget_type=\"lte-header.default\">\n\t\t\t\t<div class=\"elementor-widget-container\">\n\t\t\t\t\t<div class=\"lte-heading lte-style-header-subheader lte-subcolor-main heading-tag-h3 heading-subtag-h6\"><div class=\"lte-heading-content\"><h3 class=\"lte-header\">V\u00e4lkommen till PlanetDairys v\u00e4rld<br \/>\n<\/h3><\/div><\/div>\t\t\t\t<\/div>\n\t\t\t\t<\/div>\n\t\t\t\t<div class=\"elementor-element elementor-element-a5bcf91 elementor-widget elementor-widget-spacer\" data-id=\"a5bcf91\" data-element_type=\"widget\" data-e-type=\"widget\" data-widget_type=\"spacer.default\">\n\t\t\t\t<div class=\"elementor-widget-container\">\n\t\t\t\t\t\t\t<div class=\"elementor-spacer\">\n\t\t\t<div class=\"elementor-spacer-inner\"><\/div>\n\t\t<\/div>\n\t\t\t\t\t\t<\/div>\n\t\t\t\t<\/div>\n\t\t\t\t<div class=\"elementor-element elementor-element-afd6e21 elementor-widget elementor-widget-lte-products\" data-id=\"afd6e21\" data-element_type=\"widget\" data-e-type=\"widget\" data-widget_type=\"lte-products.default\">\n\t\t\t\t<div class=\"elementor-widget-container\">\n\t\t\t\t\t<div class=\"lte-swiper-slider-wrapper\"><div class=\"lte-swiper-slider swiper swiper-container woocommerce lte-products-slider lte-products-sc lte-padding-yes \" data-space-between=\"30\" data-arrows=\"sides\" data-autoplay=\"0\" data-autoplay-interaction=\"\" data-loop=\"\" data-speed=\"1000\" data-effect=\"slide\" data-slides-per-group=\"-1\" data-breakpoints=\"4;4;2;2;2;1\"><ul class=\"products columns-128 swiper-wrapper\">\t\t\t\t\t\t<\/ul><\/div>\t\t\t\t<\/div>\n\t\t\t\t<\/div>\n\t\t\t\t<div class=\"elementor-element elementor-element-ca7d738 elementor-widget elementor-widget-spacer\" data-id=\"ca7d738\" data-element_type=\"widget\" data-e-type=\"widget\" data-widget_type=\"spacer.default\">\n\t\t\t\t<div class=\"elementor-widget-container\">\n\t\t\t\t\t\t\t<div class=\"elementor-spacer\">\n\t\t\t<div class=\"elementor-spacer-inner\"><\/div>\n\t\t<\/div>\n\t\t\t\t\t\t<\/div>\n\t\t\t\t<\/div>\n\t\t\t\t<div class=\"elementor-element elementor-element-5111e06 elementor-widget elementor-widget-lte-button\" data-id=\"5111e06\" data-element_type=\"widget\" data-e-type=\"widget\" data-widget_type=\"lte-button.default\">\n\t\t\t\t<div class=\"elementor-widget-container\">\n\t\t\t\t\t<div class=\"lte-btn-wrap\">\n\t<a href=\"https:\/\/planetdairy.com\/sv\/produkter\/\"  class=\"lte-btn btn-black color-hover-default\"><span class=\"lte-btn-inner\"><span class=\"lte-btn-before\"><\/span>Se alla produkter<span class=\"lte-btn-after\"><\/span><\/span><\/a><\/div>\t\t\t\t<\/div>\n\t\t\t\t<\/div>\n\t\t\t\t<div class=\"elementor-element elementor-element-970cde1 elementor-widget elementor-widget-spacer\" data-id=\"970cde1\" data-element_type=\"widget\" data-e-type=\"widget\" data-widget_type=\"spacer.default\">\n\t\t\t\t<div class=\"elementor-widget-container\">\n\t\t\t\t\t\t\t<div class=\"elementor-spacer\">\n\t\t\t<div class=\"elementor-spacer-inner\"><\/div>\n\t\t<\/div>\n\t\t\t\t\t\t<\/div>\n\t\t\t\t<\/div>\n\t\t\t\t\t<\/div>\n\t\t<\/div>\n\t\t\t\t\t<\/div>\n\t\t<\/section>\n\t\t<div class=\"elementor-element elementor-element-f003755 e-flex e-con-boxed e-con e-parent\" data-id=\"f003755\" data-element_type=\"container\" data-e-type=\"container\">\n\t\t\t\t\t<div class=\"e-con-inner\">\n\t\t\t\t<div class=\"elementor-element elementor-element-920ba79 elementor-widget elementor-widget-spacer\" data-id=\"920ba79\" data-element_type=\"widget\" data-e-type=\"widget\" data-widget_type=\"spacer.default\">\n\t\t\t\t<div class=\"elementor-widget-container\">\n\t\t\t\t\t\t\t<div class=\"elementor-spacer\">\n\t\t\t<div class=\"elementor-spacer-inner\"><\/div>\n\t\t<\/div>\n\t\t\t\t\t\t<\/div>\n\t\t\t\t<\/div>\n\t\t\t\t<div class=\"elementor-element elementor-element-bd4e8fb lte-heading-style-header-subheader elementor-widget elementor-widget-lte-header\" data-id=\"bd4e8fb\" data-element_type=\"widget\" data-e-type=\"widget\" data-widget_type=\"lte-header.default\">\n\t\t\t\t<div class=\"elementor-widget-container\">\n\t\t\t\t\t<div class=\"lte-heading lte-style-header-subheader lte-subcolor-main heading-tag-h3 heading-subtag-h6\"><div class=\"lte-heading-content\"><h3 class=\"lte-header\">Senaste fr\u00e5n PlanetDairy<\/h3><\/div><\/div>\t\t\t\t<\/div>\n\t\t\t\t<\/div>\n\t\t\t\t\t<\/div>\n\t\t\t\t<\/div>\n\t\t<div class=\"elementor-element elementor-element-d93a8de e-flex e-con-boxed e-con e-parent\" data-id=\"d93a8de\" data-element_type=\"container\" data-e-type=\"container\">\n\t\t\t\t\t<div class=\"e-con-inner\">\n\t\t<div class=\"elementor-element elementor-element-11fd2ab e-con-full e-flex e-con e-child\" data-id=\"11fd2ab\" data-element_type=\"container\" data-e-type=\"container\">\n\t\t\t\t<div class=\"elementor-element elementor-element-b03ebef elementor-widget elementor-widget-image\" data-id=\"b03ebef\" data-element_type=\"widget\" data-e-type=\"widget\" data-widget_type=\"image.default\">\n\t\t\t\t<div class=\"elementor-widget-container\">\n\t\t\t\t\t\t\t\t\t\t\t\t\t\t\t<img fetchpriority=\"high\" decoding=\"async\" width=\"1024\" height=\"1024\" src=\"https:\/\/planetdairy.com\/wp-content\/uploads\/2025\/08\/pic13-1024x1024.png\" class=\"attachment-large size-large wp-image-17763\" alt=\"\" srcset=\"https:\/\/planetdairy.com\/wp-content\/uploads\/2025\/08\/pic13-1024x1024.png 1024w, https:\/\/planetdairy.com\/wp-content\/uploads\/2025\/08\/pic13-300x300.png 300w, https:\/\/planetdairy.com\/wp-content\/uploads\/2025\/08\/pic13-150x150.png 150w, https:\/\/planetdairy.com\/wp-content\/uploads\/2025\/08\/pic13-768x768.png 768w, https:\/\/planetdairy.com\/wp-content\/uploads\/2025\/08\/pic13-140x140.png 140w, https:\/\/planetdairy.com\/wp-content\/uploads\/2025\/08\/pic13-110x110.png 110w, https:\/\/planetdairy.com\/wp-content\/uploads\/2025\/08\/pic13-360x360.png 360w, https:\/\/planetdairy.com\/wp-content\/uploads\/2025\/08\/pic13-800x800.png 800w, https:\/\/planetdairy.com\/wp-content\/uploads\/2025\/08\/pic13-480x480.png 480w, https:\/\/planetdairy.com\/wp-content\/uploads\/2025\/08\/pic13-600x600.png 600w, https:\/\/planetdairy.com\/wp-content\/uploads\/2025\/08\/pic13-100x100.png 100w, https:\/\/planetdairy.com\/wp-content\/uploads\/2025\/08\/pic13.png 1048w\" sizes=\"(max-width: 1024px) 100vw, 1024px\" \/>\t\t\t\t\t\t\t\t\t\t\t\t\t\t\t<\/div>\n\t\t\t\t<\/div>\n\t\t\t\t<\/div>\n\t\t<div class=\"elementor-element elementor-element-1be8797 e-con-full e-flex e-con e-child\" data-id=\"1be8797\" data-element_type=\"container\" data-e-type=\"container\">\n\t\t\t\t<div class=\"elementor-element elementor-element-1123477 elementor-widget elementor-widget-image\" data-id=\"1123477\" data-element_type=\"widget\" data-e-type=\"widget\" data-widget_type=\"image.default\">\n\t\t\t\t<div class=\"elementor-widget-container\">\n\t\t\t\t\t\t\t\t\t\t\t\t\t\t\t<img decoding=\"async\" width=\"1024\" height=\"1024\" src=\"https:\/\/planetdairy.com\/wp-content\/uploads\/2025\/08\/pic14-1024x1024.png\" class=\"attachment-large size-large wp-image-17764\" alt=\"\" srcset=\"https:\/\/planetdairy.com\/wp-content\/uploads\/2025\/08\/pic14-1024x1024.png 1024w, https:\/\/planetdairy.com\/wp-content\/uploads\/2025\/08\/pic14-300x300.png 300w, https:\/\/planetdairy.com\/wp-content\/uploads\/2025\/08\/pic14-150x150.png 150w, https:\/\/planetdairy.com\/wp-content\/uploads\/2025\/08\/pic14-768x768.png 768w, https:\/\/planetdairy.com\/wp-content\/uploads\/2025\/08\/pic14-140x140.png 140w, https:\/\/planetdairy.com\/wp-content\/uploads\/2025\/08\/pic14-110x110.png 110w, https:\/\/planetdairy.com\/wp-content\/uploads\/2025\/08\/pic14-360x360.png 360w, https:\/\/planetdairy.com\/wp-content\/uploads\/2025\/08\/pic14-800x800.png 800w, https:\/\/planetdairy.com\/wp-content\/uploads\/2025\/08\/pic14-480x480.png 480w, https:\/\/planetdairy.com\/wp-content\/uploads\/2025\/08\/pic14-600x600.png 600w, https:\/\/planetdairy.com\/wp-content\/uploads\/2025\/08\/pic14-100x100.png 100w, https:\/\/planetdairy.com\/wp-content\/uploads\/2025\/08\/pic14.png 1048w\" sizes=\"(max-width: 1024px) 100vw, 1024px\" \/>\t\t\t\t\t\t\t\t\t\t\t\t\t\t\t<\/div>\n\t\t\t\t<\/div>\n\t\t\t\t<\/div>\n\t\t<div class=\"elementor-element elementor-element-b282e37 e-con-full e-flex e-con e-child\" data-id=\"b282e37\" data-element_type=\"container\" data-e-type=\"container\">\n\t\t\t\t<div class=\"elementor-element elementor-element-caf19ad elementor-widget elementor-widget-image\" data-id=\"caf19ad\" data-element_type=\"widget\" data-e-type=\"widget\" data-widget_type=\"image.default\">\n\t\t\t\t<div class=\"elementor-widget-container\">\n\t\t\t\t\t\t\t\t\t\t\t\t\t\t\t<img decoding=\"async\" width=\"1024\" height=\"1024\" src=\"https:\/\/planetdairy.com\/wp-content\/uploads\/2025\/08\/pic15-1024x1024.png\" class=\"attachment-large size-large wp-image-17765\" alt=\"\" srcset=\"https:\/\/planetdairy.com\/wp-content\/uploads\/2025\/08\/pic15-1024x1024.png 1024w, https:\/\/planetdairy.com\/wp-content\/uploads\/2025\/08\/pic15-300x300.png 300w, https:\/\/planetdairy.com\/wp-content\/uploads\/2025\/08\/pic15-150x150.png 150w, https:\/\/planetdairy.com\/wp-content\/uploads\/2025\/08\/pic15-768x768.png 768w, https:\/\/planetdairy.com\/wp-content\/uploads\/2025\/08\/pic15-140x140.png 140w, https:\/\/planetdairy.com\/wp-content\/uploads\/2025\/08\/pic15-110x110.png 110w, https:\/\/planetdairy.com\/wp-content\/uploads\/2025\/08\/pic15-360x360.png 360w, https:\/\/planetdairy.com\/wp-content\/uploads\/2025\/08\/pic15-800x800.png 800w, https:\/\/planetdairy.com\/wp-content\/uploads\/2025\/08\/pic15-480x480.png 480w, https:\/\/planetdairy.com\/wp-content\/uploads\/2025\/08\/pic15-600x600.png 600w, https:\/\/planetdairy.com\/wp-content\/uploads\/2025\/08\/pic15-100x100.png 100w, https:\/\/planetdairy.com\/wp-content\/uploads\/2025\/08\/pic15.png 1048w\" sizes=\"(max-width: 1024px) 100vw, 1024px\" \/>\t\t\t\t\t\t\t\t\t\t\t\t\t\t\t<\/div>\n\t\t\t\t<\/div>\n\t\t\t\t<\/div>\n\t\t<div class=\"elementor-element elementor-element-b9c86b8 e-con-full e-flex e-con e-child\" data-id=\"b9c86b8\" data-element_type=\"container\" data-e-type=\"container\">\n\t\t\t\t<div class=\"elementor-element elementor-element-525f7c4 elementor-widget elementor-widget-image\" data-id=\"525f7c4\" data-element_type=\"widget\" data-e-type=\"widget\" data-widget_type=\"image.default\">\n\t\t\t\t<div class=\"elementor-widget-container\">\n\t\t\t\t\t\t\t\t\t\t\t\t\t\t\t<img loading=\"lazy\" decoding=\"async\" width=\"1024\" height=\"1024\" src=\"https:\/\/planetdairy.com\/wp-content\/uploads\/2025\/08\/pic16-1024x1024.png\" class=\"attachment-large size-large wp-image-17766\" alt=\"\" srcset=\"https:\/\/planetdairy.com\/wp-content\/uploads\/2025\/08\/pic16-1024x1024.png 1024w, https:\/\/planetdairy.com\/wp-content\/uploads\/2025\/08\/pic16-300x300.png 300w, https:\/\/planetdairy.com\/wp-content\/uploads\/2025\/08\/pic16-150x150.png 150w, https:\/\/planetdairy.com\/wp-content\/uploads\/2025\/08\/pic16-768x768.png 768w, https:\/\/planetdairy.com\/wp-content\/uploads\/2025\/08\/pic16-140x140.png 140w, https:\/\/planetdairy.com\/wp-content\/uploads\/2025\/08\/pic16-110x110.png 110w, https:\/\/planetdairy.com\/wp-content\/uploads\/2025\/08\/pic16-360x360.png 360w, https:\/\/planetdairy.com\/wp-content\/uploads\/2025\/08\/pic16-800x800.png 800w, https:\/\/planetdairy.com\/wp-content\/uploads\/2025\/08\/pic16-480x480.png 480w, https:\/\/planetdairy.com\/wp-content\/uploads\/2025\/08\/pic16-600x600.png 600w, https:\/\/planetdairy.com\/wp-content\/uploads\/2025\/08\/pic16-100x100.png 100w, https:\/\/planetdairy.com\/wp-content\/uploads\/2025\/08\/pic16.png 1048w\" sizes=\"(max-width: 1024px) 100vw, 1024px\" \/>\t\t\t\t\t\t\t\t\t\t\t\t\t\t\t<\/div>\n\t\t\t\t<\/div>\n\t\t\t\t<\/div>\n\t\t\t\t\t<\/div>\n\t\t\t\t<\/div>\n\t\t<div class=\"elementor-element elementor-element-c42ba84 e-flex e-con-boxed e-con e-parent\" data-id=\"c42ba84\" data-element_type=\"container\" data-e-type=\"container\">\n\t\t\t\t\t<div class=\"e-con-inner\">\n\t\t\t\t<div class=\"elementor-element elementor-element-db4c135 elementor-widget elementor-widget-lte-button\" data-id=\"db4c135\" data-element_type=\"widget\" data-e-type=\"widget\" data-widget_type=\"lte-button.default\">\n\t\t\t\t<div class=\"elementor-widget-container\">\n\t\t\t\t\t<div class=\"lte-btn-wrap\">\n\t<a href=\"https:\/\/planetdairy.com\/sv\/om-oss\/\"  class=\"lte-btn btn-lg color-hover-default\"><span class=\"lte-btn-inner\"><span class=\"lte-btn-before\"><\/span>L\u00e4s mer<span class=\"lte-btn-after\"><\/span><\/span><\/a><\/div>\t\t\t\t<\/div>\n\t\t\t\t<\/div>\n\t\t\t\t\t<\/div>\n\t\t\t\t<\/div>\n\t\t\t\t<\/div>\n\t\t","protected":false},"excerpt":{"rendered":"<p>V\u00e4lkommen till PlanetDairys v\u00e4rld M\u00e6lk Ost L\u00e6s mere L\u00e6s mere PlanetDairy Mini 0,4% L\u00e6s mere L\u00e6s mere PlanetDairy Let 1,5% L\u00e6s mere L\u00e6s mere PlanetDairy S\u00f8d 3,5% L\u00e6s mere L\u00e6s mere PlanetDairy TexMex 140 g L\u00e6s mere L\u00e6s mere PlanetDairy Pizza Mix 140 g L\u00e6s mere L\u00e6s mere PlanetDairy Pizza Mix 500 g og 1000 [&hellip;]<\/p>\n","protected":false},"author":1,"featured_media":17737,"parent":0,"menu_order":0,"comment_status":"closed","ping_status":"closed","template":"page-templates\/full-width.php","meta":{"footnotes":""},"class_list":["post-17734","page","type-page","status-publish","has-post-thumbnail","hentry"],"_links":{"self":[{"href":"https:\/\/planetdairy.com\/sv\/wp-json\/wp\/v2\/pages\/17734","targetHints":{"allow":["GET"]}}],"collection":[{"href":"https:\/\/planetdairy.com\/sv\/wp-json\/wp\/v2\/pages"}],"about":[{"href":"https:\/\/planetdairy.com\/sv\/wp-json\/wp\/v2\/types\/page"}],"author":[{"embeddable":true,"href":"https:\/\/planetdairy.com\/sv\/wp-json\/wp\/v2\/users\/1"}],"replies":[{"embeddable":true,"href":"https:\/\/planetdairy.com\/sv\/wp-json\/wp\/v2\/comments?post=17734"}],"version-history":[{"count":9,"href":"https:\/\/planetdairy.com\/sv\/wp-json\/wp\/v2\/pages\/17734\/revisions"}],"predecessor-version":[{"id":18897,"href":"https:\/\/planetdairy.com\/sv\/wp-json\/wp\/v2\/pages\/17734\/revisions\/18897"}],"wp:featuredmedia":[{"embeddable":true,"href":"https:\/\/planetdairy.com\/sv\/wp-json\/wp\/v2\/media\/17737"}],"wp:attachment":[{"href":"https:\/\/planetdairy.com\/sv\/wp-json\/wp\/v2\/media?parent=17734"}],"curies":[{"name":"wp","href":"https:\/\/api.w.org\/{rel}","templated":true}]}}