{"id":17996,"date":"2020-08-27T20:50:06","date_gmt":"2020-08-27T20:50:06","guid":{"rendered":"https:\/\/planetdairy.com\/product\/planetdairy-pizzamix-140-g\/"},"modified":"2025-10-14T09:27:41","modified_gmt":"2025-10-14T09:27:41","slug":"planetdairy-pizzamix-140-g","status":"publish","type":"product","link":"https:\/\/planetdairy.com\/sv\/produkt\/planetdairy-pizzamix-140-g\/","title":{"rendered":"PlanetDairy Pizza Mix 140 g"},"content":{"rendered":"<style><span data-mce-type=\"bookmark\" style=\"display: inline-block; width: 0px; overflow: hidden; line-height: 0;\" class=\"mce_SELRES_start\">\ufeff<\/span><br \/>\n  .pd-accordion details {<br \/>\n    border: 1px solid #e5e7eb; \/* lys gr\u00e5 *\/<br \/>\n    border-radius: 8px;<br \/>\n    margin: 8px 0;<br \/>\n    padding: 0.5rem 0.75rem;<br \/>\n    background: #fff;<br \/>\n  }<br \/>\n  .pd-accordion summary {<br \/>\n    cursor: pointer;<br \/>\n    font-weight: 600;<br \/>\n    list-style: none;<br \/>\n    outline: none;<br \/>\n  }<br \/>\n  .pd-accordion summary::-webkit-details-marker { display: none; }<br \/>\n  .pd-accordion summary:after {<br \/>\n    content: \"\uff0b\";<br \/>\n    float: right;<br \/>\n    transition: transform .2s ease;<br \/>\n  }<br \/>\n  .pd-accordion details[open] summary:after { content: \"\uff0d\"; }<br \/>\n  .pd-accordion .content { margin-top: .5rem; line-height: 1.6; }<br \/>\n  .pd-accordion ul { margin: 0; padding-left: 1.2rem; }<br \/>\n  .pd-accordion table {<br \/>\n    width: 100%;<br \/>\n    border-collapse: collapse;<br \/>\n    margin-top: .25rem;<br \/>\n  }<br \/>\n  .pd-accordion th, .pd-accordion td {<br \/>\n    border-bottom: 1px solid #f1f5f9;<br \/>\n    padding: .4rem .2rem;<br \/>\n    text-align: left;<br \/>\n    vertical-align: top;<br \/>\n  }<br \/>\n  .pd-accordion th { font-weight: 600; }<br \/>\n  .pd-note { font-style: italic; margin-top: .35rem; display:block; }<\/p>\n<p>  \/* Flag-r\u00e6kke *\/<br \/>\n  .flag-row { display:flex; gap:20px; align-items:center; margin-top:10px; }<br \/>\n  .flag-row img { display:block; height:28px; width:auto; }<br \/>\n<\/style>\n<div class=\"pd-accordion\">\n<p><!-- Item 1 --><\/p>\n<details>\n<summary>Ingredienser<\/summary>\n<div class=\"content\">40% mozzarella, vatten, modifierad st\u00e4rkelse, rapsolja, kokosolja, bondsb\u00f6nprotein, potatisst\u00e4rkelse, mj\u00f6lkprotein, salt, surhetsreglerande medel (mj\u00f6lksyra), naturlig arom, konserveringsmedel (kaliumsorbat).<br \/>\n<span class=\"pd-note\">Inneh\u00e5ller ingen palmolja.<\/span><\/div>\n<\/details>\n<p><!-- Item 2 --><\/p>\n<details>\n<summary>N\u00e4ringsv\u00e4rde pr. 100 g<\/summary>\n<div class=\"content\">\n<table>\n<tbody>\n<tr>\n<th>Energi<\/th>\n<td>1236 kJ \/ 290 kcal<\/td>\n<\/tr>\n<tr>\n<th>Fett<\/th>\n<td>21 g<\/td>\n<\/tr>\n<tr>\n<th>\u2013 varav m\u00e4ttat fett<\/th>\n<td>11 g<\/td>\n<\/tr>\n<tr>\n<th>Kolhydrat<\/th>\n<td>15 g<\/td>\n<\/tr>\n<tr>\n<th>\u2013 varav sockerarter<\/th>\n<td>0,5 g<\/td>\n<\/tr>\n<tr>\n<th>Protein<\/th>\n<td>13 g<\/td>\n<\/tr>\n<tr>\n<th>Salt<\/th>\n<td>1,1 g<\/td>\n<\/tr>\n<\/tbody>\n<\/table>\n<\/div>\n<\/details>\n<p><!-- Item 3 --><\/p>\n<details>\n<summary>Klimatavtryck<\/summary>\n<div class=\"content\">\n<div class=\"flag-row\"><img decoding=\"async\" title=\"Sweden\" src=\"https:\/\/flagcdn.com\/w40\/se.png\" alt=\"Sweden\" \/><\/div>\n<p>PlanetDairy samarbetar med CarbonCloud, en oberoende organisation, som tillhandah\u00e5ller CO\u2082e-ber\u00e4kningar.<\/p>\n<p>Se ber\u00e4kningarna f\u00f6r PlanetDairy Pizza Mix 140 g <a href=\"https:\/\/apps.carboncloud.com\/climatehub\/product-reports\/PlanetDairy\/5744004530204\/SWE\" target=\"_blank\" rel=\"noopener noreferrer nofollow\"><strong><u>h\u00e4r<\/u><\/strong><\/a><br \/>\noch ber\u00e4kningarna f\u00f6r konventionell mozzarella <a href=\"https:\/\/apps.carboncloud.com\/climatehub\/product-reports\/id\/3298134298962\" target=\"_blank\" rel=\"noopener noreferrer nofollow\"><strong><u>h\u00e4r<\/u><\/strong><\/a><\/p>\n<\/div>\n<\/details>\n<p><!-- Item 4 --><\/p>\n<details>\n<summary>I butiker n\u00e4ra dig<\/summary>\n<div class=\"content\"><img decoding=\"async\" src=\"https:\/\/planetdairy.com\/wp-content\/uploads\/2025\/09\/Picture-85.png\" alt=\"PlanetDairy Logo\" width=\"220\" \/><\/div>\n<\/details>\n<\/div>\n","protected":false},"excerpt":{"rendered":"<div class=\"woocommerce-product-details__short-description\">\n<h3><b>Riven topping med mozzarella och 31% v\u00e4xtbaserade ingredienser<\/b><\/h3>\n<\/div>\n","protected":false},"featured_media":17093,"template":"","meta":[],"product_brand":[],"product_cat":[479],"product_tag":[],"class_list":{"0":"post-17996","1":"product","2":"type-product","3":"status-publish","4":"has-post-thumbnail","6":"product_cat-ost","9":"first","10":"instock","11":"shipping-taxable","12":"product-type-simple"},"_links":{"self":[{"href":"https:\/\/planetdairy.com\/sv\/wp-json\/wp\/v2\/product\/17996","targetHints":{"allow":["GET"]}}],"collection":[{"href":"https:\/\/planetdairy.com\/sv\/wp-json\/wp\/v2\/product"}],"about":[{"href":"https:\/\/planetdairy.com\/sv\/wp-json\/wp\/v2\/types\/product"}],"wp:featuredmedia":[{"embeddable":true,"href":"https:\/\/planetdairy.com\/sv\/wp-json\/wp\/v2\/media\/17093"}],"wp:attachment":[{"href":"https:\/\/planetdairy.com\/sv\/wp-json\/wp\/v2\/media?parent=17996"}],"wp:term":[{"taxonomy":"product_brand","embeddable":true,"href":"https:\/\/planetdairy.com\/sv\/wp-json\/wp\/v2\/product_brand?post=17996"},{"taxonomy":"product_cat","embeddable":true,"href":"https:\/\/planetdairy.com\/sv\/wp-json\/wp\/v2\/product_cat?post=17996"},{"taxonomy":"product_tag","embeddable":true,"href":"https:\/\/planetdairy.com\/sv\/wp-json\/wp\/v2\/product_tag?post=17996"}],"curies":[{"name":"wp","href":"https:\/\/api.w.org\/{rel}","templated":true}]}}